{"id":399,"date":"2014-11-29T14:34:21","date_gmt":"2014-11-29T13:34:21","guid":{"rendered":"http:\/\/www.intxorta.org\/tienda\/?post_type=product&#038;p=399"},"modified":"2021-10-04T18:47:55","modified_gmt":"2021-10-04T16:47:55","slug":"octubre-de-1934-en-euskal-herria-revolucion-insurreccion-y-huelga-general","status":"publish","type":"product","link":"https:\/\/www.intxorta.org\/tienda\/producto\/octubre-de-1934-en-euskal-herria-revolucion-insurreccion-y-huelga-general\/","title":{"rendered":"<!--:es-->Octubre de 1934 en Euskal Herria Revoluci\u00f3n, insurrecci\u00f3n y huelga general<!--:--><!--:EU-->Octubre de 1934 en Euskal Herria Revoluci\u00f3n, insurrecci\u00f3n y huelga general<!--:-->"},"content":{"rendered":"<p>[et_pb_section fb_built=\u00bb1&#8243; _builder_version=\u00bb3.22&#8243; custom_padding=\u00bb0px||||false|false\u00bb global_colors_info=\u00bb{}\u00bb][et_pb_row _builder_version=\u00bb3.25&#8243; background_size=\u00bbinitial\u00bb background_position=\u00bbtop_left\u00bb background_repeat=\u00bbrepeat\u00bb width=\u00bb100%\u00bb custom_padding=\u00bb0px||0px||false|false\u00bb global_colors_info=\u00bb{}\u00bb][et_pb_column type=\u00bb4_4&#8243; _builder_version=\u00bb3.25&#8243; custom_padding=\u00bb|||\u00bb global_colors_info=\u00bb{}\u00bb custom_padding__hover=\u00bb|||\u00bb][et_pb_wc_breadcrumb _builder_version=\u00bb3.0.47&#8243; global_colors_info=\u00bb{}\u00bb][\/et_pb_wc_breadcrumb][et_pb_wc_cart_notice _builder_version=\u00bb4.11.1&#8243; hover_enabled=\u00bb0&#8243; global_colors_info=\u00bb{}\u00bb background_color=\u00bb#23282d\u00bb custom_button=\u00bbon\u00bb button_text_color=\u00bb#000000&#8243; button_bg_color=\u00bb#cfee91&#8243; button_bg_enable_color=\u00bbon\u00bb sticky_enabled=\u00bb0&#8243;][\/et_pb_wc_cart_notice][\/et_pb_column][\/et_pb_row][et_pb_row column_structure=\u00bb1_2,1_2&#8243; _builder_version=\u00bb3.25&#8243; background_size=\u00bbinitial\u00bb background_position=\u00bbtop_left\u00bb background_repeat=\u00bbrepeat\u00bb width=\u00bb100%\u00bb custom_padding=\u00bb0px||||false|false\u00bb global_colors_info=\u00bb{}\u00bb][et_pb_column type=\u00bb1_2&#8243; _builder_version=\u00bb3.25&#8243; custom_padding=\u00bb|||\u00bb global_colors_info=\u00bb{}\u00bb custom_padding__hover=\u00bb|||\u00bb][et_pb_wc_images _builder_version=\u00bb3.0.47&#8243; global_colors_info=\u00bb{}\u00bb][\/et_pb_wc_images][\/et_pb_column][et_pb_column type=\u00bb1_2&#8243; _builder_version=\u00bb3.25&#8243; custom_padding=\u00bb|||\u00bb global_colors_info=\u00bb{}\u00bb custom_padding__hover=\u00bb|||\u00bb][et_pb_wc_title _builder_version=\u00bb3.0.47&#8243; hover_enabled=\u00bb0&#8243; global_colors_info=\u00bb{}\u00bb sticky_enabled=\u00bb0&#8243;][\/et_pb_wc_title][et_pb_wc_rating _builder_version=\u00bb3.0.47&#8243; global_colors_info=\u00bb{}\u00bb][\/et_pb_wc_rating][et_pb_wc_price _builder_version=\u00bb3.0.47&#8243; global_colors_info=\u00bb{}\u00bb][\/et_pb_wc_price][et_pb_wc_description _builder_version=\u00bb3.0.47&#8243; global_colors_info=\u00bb{}\u00bb][\/et_pb_wc_description][et_pb_wc_add_to_cart _builder_version=\u00bb4.11.1&#8243; custom_button=\u00bbon\u00bb button_text_color=\u00bb#000000&#8243; hover_enabled=\u00bb0&#8243; global_colors_info=\u00bb{}\u00bb button_bg_color=\u00bb#cfee91&#8243; button_bg_enable_color=\u00bbon\u00bb sticky_enabled=\u00bb0&#8243;][\/et_pb_wc_add_to_cart][\/et_pb_column][\/et_pb_row][et_pb_row _builder_version=\u00bb3.25&#8243; background_size=\u00bbinitial\u00bb background_position=\u00bbtop_left\u00bb background_repeat=\u00bbrepeat\u00bb width=\u00bb100%\u00bb global_colors_info=\u00bb{}\u00bb][et_pb_column type=\u00bb4_4&#8243; _builder_version=\u00bb3.25&#8243; custom_padding=\u00bb|||\u00bb global_colors_info=\u00bb{}\u00bb custom_padding__hover=\u00bb|||\u00bb][et_pb_wc_tabs _builder_version=\u00bb3.0.47&#8243; global_colors_info=\u00bb{}\u00bb]\t\t\t\t\t[\/et_pb_wc_tabs][et_pb_wc_upsells _builder_version=\u00bb3.0.47&#8243; global_colors_info=\u00bb{}\u00bb][\/et_pb_wc_upsells][et_pb_wc_related_products _builder_version=\u00bb3.0.47&#8243; global_colors_info=\u00bb{}\u00bb][\/et_pb_wc_related_products][\/et_pb_column][\/et_pb_row][\/et_pb_section]<\/p>\n","protected":false},"excerpt":{"rendered":"<p>Ahora que se cumple el 80 aniversario de la revoluci\u00f3n de 1934, hemos querido recopilar los sucesos ocurridos en Euskal Herria en esos convulsos momentos, claves para entender el devenir de la II Rep\u00fablica. La entrada de la CEDA en el gobierno el 4 de octubre, a cuyo m\u00e1ximo dirigente, Gil Robles, las izquierdas consideraban el Hitler espa\u00f1ol, provoc\u00f3 que el Partido Socialista, las Juventudes Socialistas, la UGT, el PCE, Izquierda Comunista, el Bloque Obrero y Campesino y sectores de la CNT agrupados en las Alianzas Obreras llamasen a la huelga general en todo el Estado espa\u00f1ol. Era el 5 de octubre de 1934.<br \/>\nEste acontecimiento tuvo una fuerte incidencia en todas las localidades de los herrialdes de Gipuzkoa y Bizkaia,  y en algunas de  Nafarroa y  Araba. En Euskal Herria, militantes de Solidaridad de Obreros Vascos, de Acci\u00f3n Nacionalista Vasca y de Izquierda Republicana tambi\u00e9n se sumaban a la huelga general, a la insurrecci\u00f3n, a la  revoluci\u00f3n. Este<br \/>\ntrabajo constituye una aportaci\u00f3n, en muchos aspectos, sobre lo ocurrido esos d\u00edas en diferentes localidades de Euskal Herria. Los nombres y apellidos de miles de represaliados,  durante la huelga y el posterior  estado de guerra de seis meses, son una de ellas.<\/p>\n","protected":false},"featured_media":400,"comment_status":"closed","ping_status":"closed","template":"","meta":{"_et_pb_use_builder":"on","_et_pb_old_content":"<!--:es-->T\u00edtulo: Octubre de 1934 en Euskal Herria. Revoluci\u00f3n, insurrecci\u00f3n y huelga general\r\nAutores: Juan Ramon Garai Bengoa, Jes\u00fas Guti\u00e9rrez Arosa, Josu Chueca Intxusta\r\nRevisi\u00f3n: Julia Monge Sarabia, Manolo Cainzos Peteiro\r\nEdici\u00f3n: Intxorta 1937 kultur elkartea\r\nwww.intxorta.org\r\nPrimera edici\u00f3n: O\u00f1ati, Diciembre de 2014\r\nPortada: Josuren Murgizu\r\nMaquetaci\u00f3n Urkan S.L.\r\nImpresi\u00f3n: Gertu, O\u00f1ati\r\nI.S.B.N.: 978-84-943095-0-1\r\nDep\u00f3sito Legal: SS-1426\/2014<!--:-->","_et_gb_content_width":"","_monsterinsights_skip_tracking":false,"_monsterinsights_sitenote_active":false,"_monsterinsights_sitenote_note":"","_monsterinsights_sitenote_category":0},"product_brand":[],"product_cat":[35],"product_tag":[],"class_list":{"0":"post-399","1":"product","2":"type-product","3":"status-publish","4":"has-post-thumbnail","6":"product_cat-sin-categorizar","8":"first","9":"instock","10":"shipping-taxable","11":"purchasable","12":"product-type-simple"},"yoast_head":"<!-- This site is optimized with the Yoast SEO plugin v27.1.1 - https:\/\/yoast.com\/product\/yoast-seo-wordpress\/ -->\n<title>Octubre de 1934 en Euskal Herria Revoluci\u00f3n, insurrecci\u00f3n y huelga generalOctubre de 1934 en Euskal Herria Revoluci\u00f3n, insurrecci\u00f3n y huelga general - Tienda Online de Intxorta 1937 Kultur Elkartea<\/title>\n<meta name=\"robots\" content=\"index, follow, max-snippet:-1, max-image-preview:large, max-video-preview:-1\" \/>\n<link rel=\"canonical\" href=\"https:\/\/www.intxorta.org\/tienda\/producto\/octubre-de-1934-en-euskal-herria-revolucion-insurreccion-y-huelga-general\/\" \/>\n<meta property=\"og:locale\" content=\"es_ES\" \/>\n<meta property=\"og:type\" content=\"article\" \/>\n<meta property=\"og:title\" content=\"Octubre de 1934 en Euskal Herria Revoluci\u00f3n, insurrecci\u00f3n y huelga generalOctubre de 1934 en Euskal Herria Revoluci\u00f3n, insurrecci\u00f3n y huelga general - Tienda Online de Intxorta 1937 Kultur Elkartea\" \/>\n<meta property=\"og:description\" content=\"Ahora que se cumple el 80 aniversario de la revoluci\u00f3n de 1934, hemos querido recopilar los sucesos ocurridos en Euskal Herria en esos convulsos momentos, claves para entender el devenir de la II Rep\u00fablica. La entrada de la CEDA en el gobierno el 4 de octubre, a cuyo m\u00e1ximo dirigente, Gil Robles, las izquierdas consideraban el Hitler espa\u00f1ol, provoc\u00f3 que el Partido Socialista, las Juventudes Socialistas, la UGT, el PCE, Izquierda Comunista, el Bloque Obrero y Campesino y sectores de la CNT agrupados en las Alianzas Obreras llamasen a la huelga general en todo el Estado espa\u00f1ol. Era el 5 de octubre de 1934. Este acontecimiento tuvo una fuerte incidencia en todas las localidades de los herrialdes de Gipuzkoa y Bizkaia, y en algunas de Nafarroa y Araba. En Euskal Herria, militantes de Solidaridad de Obreros Vascos, de Acci\u00f3n Nacionalista Vasca y de Izquierda Republicana tambi\u00e9n se sumaban a la huelga general, a la insurrecci\u00f3n, a la revoluci\u00f3n. Este  trabajo constituye una aportaci\u00f3n, en muchos aspectos, sobre lo ocurrido esos d\u00edas en diferentes localidades de Euskal Herria. Los nombres y apellidos de miles de represaliados, durante la huelga y el posterior estado de guerra de seis meses, son una de ellas.\" \/>\n<meta property=\"og:url\" content=\"https:\/\/www.intxorta.org\/tienda\/producto\/octubre-de-1934-en-euskal-herria-revolucion-insurreccion-y-huelga-general\/\" \/>\n<meta property=\"og:site_name\" content=\"Tienda Online de Intxorta 1937 Kultur Elkartea\" \/>\n<meta property=\"article:modified_time\" content=\"2021-10-04T16:47:55+00:00\" \/>\n<meta property=\"og:image\" content=\"https:\/\/www.intxorta.org\/tienda\/wp-content\/uploads\/2014\/11\/34-1936.jpg\" \/>\n\t<meta property=\"og:image:width\" content=\"252\" \/>\n\t<meta property=\"og:image:height\" content=\"400\" \/>\n\t<meta property=\"og:image:type\" content=\"image\/jpeg\" \/>\n<meta name=\"twitter:card\" content=\"summary_large_image\" \/>\n<meta name=\"twitter:label1\" content=\"Tiempo de lectura\" \/>\n\t<meta name=\"twitter:data1\" content=\"2 minutos\" \/>\n<script type=\"application\/ld+json\" class=\"yoast-schema-graph\">{\"@context\":\"https:\/\/schema.org\",\"@graph\":[{\"@type\":\"WebPage\",\"@id\":\"https:\/\/www.intxorta.org\/tienda\/producto\/octubre-de-1934-en-euskal-herria-revolucion-insurreccion-y-huelga-general\/\",\"url\":\"https:\/\/www.intxorta.org\/tienda\/producto\/octubre-de-1934-en-euskal-herria-revolucion-insurreccion-y-huelga-general\/\",\"name\":\"Octubre de 1934 en Euskal Herria Revoluci\u00f3n, insurrecci\u00f3n y huelga generalOctubre de 1934 en Euskal Herria Revoluci\u00f3n, insurrecci\u00f3n y huelga general - Tienda Online de Intxorta 1937 Kultur Elkartea\",\"isPartOf\":{\"@id\":\"https:\/\/www.intxorta.org\/tienda\/#website\"},\"primaryImageOfPage\":{\"@id\":\"https:\/\/www.intxorta.org\/tienda\/producto\/octubre-de-1934-en-euskal-herria-revolucion-insurreccion-y-huelga-general\/#primaryimage\"},\"image\":{\"@id\":\"https:\/\/www.intxorta.org\/tienda\/producto\/octubre-de-1934-en-euskal-herria-revolucion-insurreccion-y-huelga-general\/#primaryimage\"},\"thumbnailUrl\":\"https:\/\/www.intxorta.org\/tienda\/wp-content\/uploads\/2014\/11\/34-1936.jpg\",\"datePublished\":\"2014-11-29T13:34:21+00:00\",\"dateModified\":\"2021-10-04T16:47:55+00:00\",\"breadcrumb\":{\"@id\":\"https:\/\/www.intxorta.org\/tienda\/producto\/octubre-de-1934-en-euskal-herria-revolucion-insurreccion-y-huelga-general\/#breadcrumb\"},\"inLanguage\":\"es\",\"potentialAction\":[{\"@type\":\"ReadAction\",\"target\":[\"https:\/\/www.intxorta.org\/tienda\/producto\/octubre-de-1934-en-euskal-herria-revolucion-insurreccion-y-huelga-general\/\"]}]},{\"@type\":\"ImageObject\",\"inLanguage\":\"es\",\"@id\":\"https:\/\/www.intxorta.org\/tienda\/producto\/octubre-de-1934-en-euskal-herria-revolucion-insurreccion-y-huelga-general\/#primaryimage\",\"url\":\"https:\/\/www.intxorta.org\/tienda\/wp-content\/uploads\/2014\/11\/34-1936.jpg\",\"contentUrl\":\"https:\/\/www.intxorta.org\/tienda\/wp-content\/uploads\/2014\/11\/34-1936.jpg\",\"width\":252,\"height\":400},{\"@type\":\"BreadcrumbList\",\"@id\":\"https:\/\/www.intxorta.org\/tienda\/producto\/octubre-de-1934-en-euskal-herria-revolucion-insurreccion-y-huelga-general\/#breadcrumb\",\"itemListElement\":[{\"@type\":\"ListItem\",\"position\":1,\"name\":\"Portada\",\"item\":\"http:\/\/www.intxorta.org\/tienda\/\"},{\"@type\":\"ListItem\",\"position\":2,\"name\":\"Tienda Intxorta\",\"item\":\"http:\/\/www.intxorta.org\/tienda\/tienda-intxorta\/\"},{\"@type\":\"ListItem\",\"position\":3,\"name\":\"Octubre de 1934 en Euskal Herria Revoluci\u00f3n, insurrecci\u00f3n y huelga generalOctubre de 1934 en Euskal Herria Revoluci\u00f3n, insurrecci\u00f3n y huelga general\"}]},{\"@type\":\"WebSite\",\"@id\":\"https:\/\/www.intxorta.org\/tienda\/#website\",\"url\":\"https:\/\/www.intxorta.org\/tienda\/\",\"name\":\"Tienda Online de Intxorta 1937 Kultur Elkartea\",\"description\":\"Por la recuperaci&oacute;n de la memoria hist&oacute;rica\",\"potentialAction\":[{\"@type\":\"SearchAction\",\"target\":{\"@type\":\"EntryPoint\",\"urlTemplate\":\"https:\/\/www.intxorta.org\/tienda\/?s={search_term_string}\"},\"query-input\":{\"@type\":\"PropertyValueSpecification\",\"valueRequired\":true,\"valueName\":\"search_term_string\"}}],\"inLanguage\":\"es\"}]}<\/script>\n<!-- \/ Yoast SEO plugin. -->","yoast_head_json":{"title":"Octubre de 1934 en Euskal Herria Revoluci\u00f3n, insurrecci\u00f3n y huelga generalOctubre de 1934 en Euskal Herria Revoluci\u00f3n, insurrecci\u00f3n y huelga general - Tienda Online de Intxorta 1937 Kultur Elkartea","robots":{"index":"index","follow":"follow","max-snippet":"max-snippet:-1","max-image-preview":"max-image-preview:large","max-video-preview":"max-video-preview:-1"},"canonical":"https:\/\/www.intxorta.org\/tienda\/producto\/octubre-de-1934-en-euskal-herria-revolucion-insurreccion-y-huelga-general\/","og_locale":"es_ES","og_type":"article","og_title":"Octubre de 1934 en Euskal Herria Revoluci\u00f3n, insurrecci\u00f3n y huelga generalOctubre de 1934 en Euskal Herria Revoluci\u00f3n, insurrecci\u00f3n y huelga general - Tienda Online de Intxorta 1937 Kultur Elkartea","og_description":"Ahora que se cumple el 80 aniversario de la revoluci\u00f3n de 1934, hemos querido recopilar los sucesos ocurridos en Euskal Herria en esos convulsos momentos, claves para entender el devenir de la II Rep\u00fablica. La entrada de la CEDA en el gobierno el 4 de octubre, a cuyo m\u00e1ximo dirigente, Gil Robles, las izquierdas consideraban el Hitler espa\u00f1ol, provoc\u00f3 que el Partido Socialista, las Juventudes Socialistas, la UGT, el PCE, Izquierda Comunista, el Bloque Obrero y Campesino y sectores de la CNT agrupados en las Alianzas Obreras llamasen a la huelga general en todo el Estado espa\u00f1ol. Era el 5 de octubre de 1934. Este acontecimiento tuvo una fuerte incidencia en todas las localidades de los herrialdes de Gipuzkoa y Bizkaia, y en algunas de Nafarroa y Araba. En Euskal Herria, militantes de Solidaridad de Obreros Vascos, de Acci\u00f3n Nacionalista Vasca y de Izquierda Republicana tambi\u00e9n se sumaban a la huelga general, a la insurrecci\u00f3n, a la revoluci\u00f3n. Este  trabajo constituye una aportaci\u00f3n, en muchos aspectos, sobre lo ocurrido esos d\u00edas en diferentes localidades de Euskal Herria. Los nombres y apellidos de miles de represaliados, durante la huelga y el posterior estado de guerra de seis meses, son una de ellas.","og_url":"https:\/\/www.intxorta.org\/tienda\/producto\/octubre-de-1934-en-euskal-herria-revolucion-insurreccion-y-huelga-general\/","og_site_name":"Tienda Online de Intxorta 1937 Kultur Elkartea","article_modified_time":"2021-10-04T16:47:55+00:00","og_image":[{"width":252,"height":400,"url":"https:\/\/www.intxorta.org\/tienda\/wp-content\/uploads\/2014\/11\/34-1936.jpg","type":"image\/jpeg"}],"twitter_card":"summary_large_image","twitter_misc":{"Tiempo de lectura":"2 minutos"},"schema":{"@context":"https:\/\/schema.org","@graph":[{"@type":"WebPage","@id":"https:\/\/www.intxorta.org\/tienda\/producto\/octubre-de-1934-en-euskal-herria-revolucion-insurreccion-y-huelga-general\/","url":"https:\/\/www.intxorta.org\/tienda\/producto\/octubre-de-1934-en-euskal-herria-revolucion-insurreccion-y-huelga-general\/","name":"Octubre de 1934 en Euskal Herria Revoluci\u00f3n, insurrecci\u00f3n y huelga generalOctubre de 1934 en Euskal Herria Revoluci\u00f3n, insurrecci\u00f3n y huelga general - Tienda Online de Intxorta 1937 Kultur Elkartea","isPartOf":{"@id":"https:\/\/www.intxorta.org\/tienda\/#website"},"primaryImageOfPage":{"@id":"https:\/\/www.intxorta.org\/tienda\/producto\/octubre-de-1934-en-euskal-herria-revolucion-insurreccion-y-huelga-general\/#primaryimage"},"image":{"@id":"https:\/\/www.intxorta.org\/tienda\/producto\/octubre-de-1934-en-euskal-herria-revolucion-insurreccion-y-huelga-general\/#primaryimage"},"thumbnailUrl":"https:\/\/www.intxorta.org\/tienda\/wp-content\/uploads\/2014\/11\/34-1936.jpg","datePublished":"2014-11-29T13:34:21+00:00","dateModified":"2021-10-04T16:47:55+00:00","breadcrumb":{"@id":"https:\/\/www.intxorta.org\/tienda\/producto\/octubre-de-1934-en-euskal-herria-revolucion-insurreccion-y-huelga-general\/#breadcrumb"},"inLanguage":"es","potentialAction":[{"@type":"ReadAction","target":["https:\/\/www.intxorta.org\/tienda\/producto\/octubre-de-1934-en-euskal-herria-revolucion-insurreccion-y-huelga-general\/"]}]},{"@type":"ImageObject","inLanguage":"es","@id":"https:\/\/www.intxorta.org\/tienda\/producto\/octubre-de-1934-en-euskal-herria-revolucion-insurreccion-y-huelga-general\/#primaryimage","url":"https:\/\/www.intxorta.org\/tienda\/wp-content\/uploads\/2014\/11\/34-1936.jpg","contentUrl":"https:\/\/www.intxorta.org\/tienda\/wp-content\/uploads\/2014\/11\/34-1936.jpg","width":252,"height":400},{"@type":"BreadcrumbList","@id":"https:\/\/www.intxorta.org\/tienda\/producto\/octubre-de-1934-en-euskal-herria-revolucion-insurreccion-y-huelga-general\/#breadcrumb","itemListElement":[{"@type":"ListItem","position":1,"name":"Portada","item":"http:\/\/www.intxorta.org\/tienda\/"},{"@type":"ListItem","position":2,"name":"Tienda Intxorta","item":"http:\/\/www.intxorta.org\/tienda\/tienda-intxorta\/"},{"@type":"ListItem","position":3,"name":"Octubre de 1934 en Euskal Herria Revoluci\u00f3n, insurrecci\u00f3n y huelga generalOctubre de 1934 en Euskal Herria Revoluci\u00f3n, insurrecci\u00f3n y huelga general"}]},{"@type":"WebSite","@id":"https:\/\/www.intxorta.org\/tienda\/#website","url":"https:\/\/www.intxorta.org\/tienda\/","name":"Tienda Online de Intxorta 1937 Kultur Elkartea","description":"Por la recuperaci&oacute;n de la memoria hist&oacute;rica","potentialAction":[{"@type":"SearchAction","target":{"@type":"EntryPoint","urlTemplate":"https:\/\/www.intxorta.org\/tienda\/?s={search_term_string}"},"query-input":{"@type":"PropertyValueSpecification","valueRequired":true,"valueName":"search_term_string"}}],"inLanguage":"es"}]}},"_links":{"self":[{"href":"https:\/\/www.intxorta.org\/tienda\/wp-json\/wp\/v2\/product\/399","targetHints":{"allow":["GET"]}}],"collection":[{"href":"https:\/\/www.intxorta.org\/tienda\/wp-json\/wp\/v2\/product"}],"about":[{"href":"https:\/\/www.intxorta.org\/tienda\/wp-json\/wp\/v2\/types\/product"}],"replies":[{"embeddable":true,"href":"https:\/\/www.intxorta.org\/tienda\/wp-json\/wp\/v2\/comments?post=399"}],"wp:featuredmedia":[{"embeddable":true,"href":"https:\/\/www.intxorta.org\/tienda\/wp-json\/wp\/v2\/media\/400"}],"wp:attachment":[{"href":"https:\/\/www.intxorta.org\/tienda\/wp-json\/wp\/v2\/media?parent=399"}],"wp:term":[{"taxonomy":"product_brand","embeddable":true,"href":"https:\/\/www.intxorta.org\/tienda\/wp-json\/wp\/v2\/product_brand?post=399"},{"taxonomy":"product_cat","embeddable":true,"href":"https:\/\/www.intxorta.org\/tienda\/wp-json\/wp\/v2\/product_cat?post=399"},{"taxonomy":"product_tag","embeddable":true,"href":"https:\/\/www.intxorta.org\/tienda\/wp-json\/wp\/v2\/product_tag?post=399"}],"curies":[{"name":"wp","href":"https:\/\/api.w.org\/{rel}","templated":true}]}}