{"id":541,"date":"2019-02-13T12:59:16","date_gmt":"2019-02-13T11:59:16","guid":{"rendered":"http:\/\/www.intxorta.org\/tienda\/?post_type=product&#038;p=541"},"modified":"2021-10-04T18:30:40","modified_gmt":"2021-10-04T16:30:40","slug":"memoria-partekatu-baterantz-arrasate-1936-56-gerra-erresistentzia-eta-frankismoa-descarga-gratuita-de-ebook-en-pdf-anadir-al-carrito-y-finalizar-el-pedido-para-que-aparezca-la-descarga","status":"publish","type":"product","link":"http:\/\/www.intxorta.org\/tienda\/producto\/memoria-partekatu-baterantz-arrasate-1936-56-gerra-erresistentzia-eta-frankismoa-descarga-gratuita-de-ebook-en-pdf-anadir-al-carrito-y-finalizar-el-pedido-para-que-aparezca-la-descarga\/","title":{"rendered":"Memoria partekatu baterantz. Arrasate 1936-56. Gerra, erresistentzia eta frankismoa. Descarga gratu\u00edta de Ebook en PDF, a\u00f1\u00e1dir al carrito y finalizar el pedido para que aparezca la descarga."},"content":{"rendered":"<p>[et_pb_section fb_built=\u00bb1&#8243; _builder_version=\u00bb3.22&#8243; custom_padding=\u00bb0px||||false|false\u00bb global_colors_info=\u00bb{}\u00bb][et_pb_row _builder_version=\u00bb3.25&#8243; background_size=\u00bbinitial\u00bb background_position=\u00bbtop_left\u00bb background_repeat=\u00bbrepeat\u00bb width=\u00bb100%\u00bb custom_padding=\u00bb0px||0px||false|false\u00bb global_colors_info=\u00bb{}\u00bb][et_pb_column type=\u00bb4_4&#8243; _builder_version=\u00bb3.25&#8243; custom_padding=\u00bb|||\u00bb global_colors_info=\u00bb{}\u00bb custom_padding__hover=\u00bb|||\u00bb][et_pb_wc_breadcrumb _builder_version=\u00bb3.0.47&#8243; global_colors_info=\u00bb{}\u00bb][\/et_pb_wc_breadcrumb][et_pb_wc_cart_notice _builder_version=\u00bb4.11.1&#8243; hover_enabled=\u00bb0&#8243; global_colors_info=\u00bb{}\u00bb background_color=\u00bb#23282d\u00bb custom_button=\u00bbon\u00bb button_text_color=\u00bb#000000&#8243; button_bg_color=\u00bb#cfee91&#8243; button_bg_enable_color=\u00bbon\u00bb sticky_enabled=\u00bb0&#8243;][\/et_pb_wc_cart_notice][\/et_pb_column][\/et_pb_row][et_pb_row column_structure=\u00bb1_2,1_2&#8243; _builder_version=\u00bb3.25&#8243; background_size=\u00bbinitial\u00bb background_position=\u00bbtop_left\u00bb background_repeat=\u00bbrepeat\u00bb width=\u00bb100%\u00bb custom_padding=\u00bb0px||||false|false\u00bb global_colors_info=\u00bb{}\u00bb][et_pb_column type=\u00bb1_2&#8243; _builder_version=\u00bb3.25&#8243; custom_padding=\u00bb|||\u00bb global_colors_info=\u00bb{}\u00bb custom_padding__hover=\u00bb|||\u00bb][et_pb_wc_images _builder_version=\u00bb3.0.47&#8243; global_colors_info=\u00bb{}\u00bb][\/et_pb_wc_images][\/et_pb_column][et_pb_column type=\u00bb1_2&#8243; _builder_version=\u00bb3.25&#8243; custom_padding=\u00bb|||\u00bb global_colors_info=\u00bb{}\u00bb custom_padding__hover=\u00bb|||\u00bb][et_pb_wc_title _builder_version=\u00bb3.0.47&#8243; global_colors_info=\u00bb{}\u00bb][\/et_pb_wc_title][et_pb_wc_rating _builder_version=\u00bb3.0.47&#8243; global_colors_info=\u00bb{}\u00bb][\/et_pb_wc_rating][et_pb_wc_price _builder_version=\u00bb3.0.47&#8243; global_colors_info=\u00bb{}\u00bb][\/et_pb_wc_price][et_pb_wc_description _builder_version=\u00bb3.0.47&#8243; global_colors_info=\u00bb{}\u00bb][\/et_pb_wc_description][et_pb_wc_add_to_cart _builder_version=\u00bb4.11.1&#8243; body_text_color=\u00bb#000000&#8243; custom_button=\u00bbon\u00bb button_text_color=\u00bb#000000&#8243; hover_enabled=\u00bb0&#8243; global_colors_info=\u00bb{}\u00bb button_bg_color__hover_enabled=\u00bbon|desktop\u00bb button_bg_color=\u00bb#cfee91&#8243; button_bg_enable_color=\u00bbon\u00bb sticky_enabled=\u00bb0&#8243;][\/et_pb_wc_add_to_cart][\/et_pb_column][\/et_pb_row][et_pb_row _builder_version=\u00bb3.25&#8243; background_size=\u00bbinitial\u00bb background_position=\u00bbtop_left\u00bb background_repeat=\u00bbrepeat\u00bb width=\u00bb100%\u00bb global_colors_info=\u00bb{}\u00bb][et_pb_column type=\u00bb4_4&#8243; _builder_version=\u00bb3.25&#8243; custom_padding=\u00bb|||\u00bb global_colors_info=\u00bb{}\u00bb custom_padding__hover=\u00bb|||\u00bb][et_pb_wc_tabs _builder_version=\u00bb3.0.47&#8243; global_colors_info=\u00bb{}\u00bb]\t\t\t\t\t[\/et_pb_wc_tabs][et_pb_wc_upsells _builder_version=\u00bb3.0.47&#8243; global_colors_info=\u00bb{}\u00bb][\/et_pb_wc_upsells][et_pb_wc_related_products _builder_version=\u00bb3.0.47&#8243; global_colors_info=\u00bb{}\u00bb][\/et_pb_wc_related_products][\/et_pb_column][\/et_pb_row][\/et_pb_section]<\/p>\n","protected":false},"excerpt":{"rendered":"","protected":false},"featured_media":543,"comment_status":"open","ping_status":"closed","template":"","meta":{"_et_pb_use_builder":"on","_et_pb_old_content":"<div class=\"page\" title=\"Page 5\">\r\n<div class=\"layoutArea\">\r\n<div class=\"column\">\r\n\r\nIzenburua: Memoria Partekatu Baterantz- Arrasate 1936-1956. Gerra, Erresistenzia eta Frankismoa Egileak: Miren Altuna Recio, Juan Ramon Garai Bengoa\r\nEdizioa: Arrasateko Udala, Intxorta 1937 kultur Elkartea\r\nItzulpenak: Maite Uranga Di\u0301az\r\n\r\nOrrazketa: Karmel Uribarren Munitxa\r\nLaguntzaileak: Lucia Cabrero Arranz, Arrate Landa Bidaburu, Marga Garmendia Ginea, Angel Balzategi\r\n\r\nOlazagoitia, Julia Monge Sarabia, Jose\u0301 A\u0301ngel Barrutiabengoa Uranga. Lehenengo edizioa: Otsaila 2019\r\nAzala: Julio Galarta Bengoa\r\nKontrazala: Ca\u0308ndida Rodri\u0301guez Barbero eta Angela Lumbreras Rodri\u0301guez Maketazioa: Gertu Inprimategia, On\u0303ati\r\n\r\nImprimaketa: Gertu Inprimategia, On\u0303ati ISBN: 978-84-09-08051-9\r\nLege Gordailua: SS-1473-2018\r\n\r\n<\/div>\r\n<\/div>\r\n<\/div>","_et_gb_content_width":"","_monsterinsights_skip_tracking":false,"_monsterinsights_sitenote_active":false,"_monsterinsights_sitenote_note":"","_monsterinsights_sitenote_category":0},"product_brand":[],"product_cat":[35],"product_tag":[],"class_list":{"0":"post-541","1":"product","2":"type-product","3":"status-publish","4":"has-post-thumbnail","6":"product_cat-sin-categorizar","8":"first","9":"instock","10":"downloadable","11":"shipping-taxable","12":"purchasable","13":"product-type-simple"},"yoast_head":"<!-- This site is optimized with the Yoast SEO plugin v27.1.1 - https:\/\/yoast.com\/product\/yoast-seo-wordpress\/ -->\n<title>Memoria partekatu baterantz. Arrasate 1936-56. Gerra, erresistentzia eta frankismoa. Descarga gratu\u00edta de Ebook en PDF, a\u00f1\u00e1dir al carrito y finalizar el pedido para que aparezca la descarga. - Tienda Online de Intxorta 1937 Kultur Elkartea<\/title>\n<meta name=\"robots\" content=\"index, follow, max-snippet:-1, max-image-preview:large, max-video-preview:-1\" \/>\n<link rel=\"canonical\" href=\"http:\/\/www.intxorta.org\/tienda\/producto\/memoria-partekatu-baterantz-arrasate-1936-56-gerra-erresistentzia-eta-frankismoa-descarga-gratuita-de-ebook-en-pdf-anadir-al-carrito-y-finalizar-el-pedido-para-que-aparezca-la-descarga\/\" \/>\n<meta property=\"og:locale\" content=\"es_ES\" \/>\n<meta property=\"og:type\" content=\"article\" \/>\n<meta property=\"og:title\" content=\"Memoria partekatu baterantz. Arrasate 1936-56. Gerra, erresistentzia eta frankismoa. Descarga gratu\u00edta de Ebook en PDF, a\u00f1\u00e1dir al carrito y finalizar el pedido para que aparezca la descarga. - Tienda Online de Intxorta 1937 Kultur Elkartea\" \/>\n<meta property=\"og:url\" content=\"http:\/\/www.intxorta.org\/tienda\/producto\/memoria-partekatu-baterantz-arrasate-1936-56-gerra-erresistentzia-eta-frankismoa-descarga-gratuita-de-ebook-en-pdf-anadir-al-carrito-y-finalizar-el-pedido-para-que-aparezca-la-descarga\/\" \/>\n<meta property=\"og:site_name\" content=\"Tienda Online de Intxorta 1937 Kultur Elkartea\" \/>\n<meta property=\"article:modified_time\" content=\"2021-10-04T16:30:40+00:00\" \/>\n<meta property=\"og:image\" content=\"https:\/\/www.intxorta.org\/tienda\/wp-content\/uploads\/2019\/02\/azala-euskeraz.jpg\" \/>\n\t<meta property=\"og:image:width\" content=\"919\" \/>\n\t<meta property=\"og:image:height\" content=\"1080\" \/>\n\t<meta property=\"og:image:type\" content=\"image\/jpeg\" \/>\n<meta name=\"twitter:card\" content=\"summary_large_image\" \/>\n<meta name=\"twitter:label1\" content=\"Tiempo de lectura\" \/>\n\t<meta name=\"twitter:data1\" content=\"2 minutos\" \/>\n<script type=\"application\/ld+json\" class=\"yoast-schema-graph\">{\"@context\":\"https:\/\/schema.org\",\"@graph\":[{\"@type\":\"WebPage\",\"@id\":\"http:\/\/www.intxorta.org\/tienda\/producto\/memoria-partekatu-baterantz-arrasate-1936-56-gerra-erresistentzia-eta-frankismoa-descarga-gratuita-de-ebook-en-pdf-anadir-al-carrito-y-finalizar-el-pedido-para-que-aparezca-la-descarga\/\",\"url\":\"http:\/\/www.intxorta.org\/tienda\/producto\/memoria-partekatu-baterantz-arrasate-1936-56-gerra-erresistentzia-eta-frankismoa-descarga-gratuita-de-ebook-en-pdf-anadir-al-carrito-y-finalizar-el-pedido-para-que-aparezca-la-descarga\/\",\"name\":\"Memoria partekatu baterantz. Arrasate 1936-56. Gerra, erresistentzia eta frankismoa. Descarga gratu\u00edta de Ebook en PDF, a\u00f1\u00e1dir al carrito y finalizar el pedido para que aparezca la descarga. - Tienda Online de Intxorta 1937 Kultur Elkartea\",\"isPartOf\":{\"@id\":\"http:\/\/www.intxorta.org\/tienda\/#website\"},\"primaryImageOfPage\":{\"@id\":\"http:\/\/www.intxorta.org\/tienda\/producto\/memoria-partekatu-baterantz-arrasate-1936-56-gerra-erresistentzia-eta-frankismoa-descarga-gratuita-de-ebook-en-pdf-anadir-al-carrito-y-finalizar-el-pedido-para-que-aparezca-la-descarga\/#primaryimage\"},\"image\":{\"@id\":\"http:\/\/www.intxorta.org\/tienda\/producto\/memoria-partekatu-baterantz-arrasate-1936-56-gerra-erresistentzia-eta-frankismoa-descarga-gratuita-de-ebook-en-pdf-anadir-al-carrito-y-finalizar-el-pedido-para-que-aparezca-la-descarga\/#primaryimage\"},\"thumbnailUrl\":\"http:\/\/www.intxorta.org\/tienda\/wp-content\/uploads\/2019\/02\/azala-euskeraz.jpg\",\"datePublished\":\"2019-02-13T11:59:16+00:00\",\"dateModified\":\"2021-10-04T16:30:40+00:00\",\"breadcrumb\":{\"@id\":\"http:\/\/www.intxorta.org\/tienda\/producto\/memoria-partekatu-baterantz-arrasate-1936-56-gerra-erresistentzia-eta-frankismoa-descarga-gratuita-de-ebook-en-pdf-anadir-al-carrito-y-finalizar-el-pedido-para-que-aparezca-la-descarga\/#breadcrumb\"},\"inLanguage\":\"es\",\"potentialAction\":[{\"@type\":\"ReadAction\",\"target\":[\"http:\/\/www.intxorta.org\/tienda\/producto\/memoria-partekatu-baterantz-arrasate-1936-56-gerra-erresistentzia-eta-frankismoa-descarga-gratuita-de-ebook-en-pdf-anadir-al-carrito-y-finalizar-el-pedido-para-que-aparezca-la-descarga\/\"]}]},{\"@type\":\"ImageObject\",\"inLanguage\":\"es\",\"@id\":\"http:\/\/www.intxorta.org\/tienda\/producto\/memoria-partekatu-baterantz-arrasate-1936-56-gerra-erresistentzia-eta-frankismoa-descarga-gratuita-de-ebook-en-pdf-anadir-al-carrito-y-finalizar-el-pedido-para-que-aparezca-la-descarga\/#primaryimage\",\"url\":\"http:\/\/www.intxorta.org\/tienda\/wp-content\/uploads\/2019\/02\/azala-euskeraz.jpg\",\"contentUrl\":\"http:\/\/www.intxorta.org\/tienda\/wp-content\/uploads\/2019\/02\/azala-euskeraz.jpg\",\"width\":919,\"height\":1080},{\"@type\":\"BreadcrumbList\",\"@id\":\"http:\/\/www.intxorta.org\/tienda\/producto\/memoria-partekatu-baterantz-arrasate-1936-56-gerra-erresistentzia-eta-frankismoa-descarga-gratuita-de-ebook-en-pdf-anadir-al-carrito-y-finalizar-el-pedido-para-que-aparezca-la-descarga\/#breadcrumb\",\"itemListElement\":[{\"@type\":\"ListItem\",\"position\":1,\"name\":\"Portada\",\"item\":\"http:\/\/www.intxorta.org\/tienda\/\"},{\"@type\":\"ListItem\",\"position\":2,\"name\":\"Tienda Intxorta\",\"item\":\"http:\/\/www.intxorta.org\/tienda\/tienda-intxorta\/\"},{\"@type\":\"ListItem\",\"position\":3,\"name\":\"Memoria partekatu baterantz. Arrasate 1936-56. Gerra, erresistentzia eta frankismoa. Descarga gratu\u00edta de Ebook en PDF, a\u00f1\u00e1dir al carrito y finalizar el pedido para que aparezca la descarga.\"}]},{\"@type\":\"WebSite\",\"@id\":\"http:\/\/www.intxorta.org\/tienda\/#website\",\"url\":\"http:\/\/www.intxorta.org\/tienda\/\",\"name\":\"Tienda Online de Intxorta 1937 Kultur Elkartea\",\"description\":\"Por la recuperaci&oacute;n de la memoria hist&oacute;rica\",\"potentialAction\":[{\"@type\":\"SearchAction\",\"target\":{\"@type\":\"EntryPoint\",\"urlTemplate\":\"http:\/\/www.intxorta.org\/tienda\/?s={search_term_string}\"},\"query-input\":{\"@type\":\"PropertyValueSpecification\",\"valueRequired\":true,\"valueName\":\"search_term_string\"}}],\"inLanguage\":\"es\"}]}<\/script>\n<!-- \/ Yoast SEO plugin. -->","yoast_head_json":{"title":"Memoria partekatu baterantz. Arrasate 1936-56. Gerra, erresistentzia eta frankismoa. Descarga gratu\u00edta de Ebook en PDF, a\u00f1\u00e1dir al carrito y finalizar el pedido para que aparezca la descarga. - Tienda Online de Intxorta 1937 Kultur Elkartea","robots":{"index":"index","follow":"follow","max-snippet":"max-snippet:-1","max-image-preview":"max-image-preview:large","max-video-preview":"max-video-preview:-1"},"canonical":"http:\/\/www.intxorta.org\/tienda\/producto\/memoria-partekatu-baterantz-arrasate-1936-56-gerra-erresistentzia-eta-frankismoa-descarga-gratuita-de-ebook-en-pdf-anadir-al-carrito-y-finalizar-el-pedido-para-que-aparezca-la-descarga\/","og_locale":"es_ES","og_type":"article","og_title":"Memoria partekatu baterantz. Arrasate 1936-56. Gerra, erresistentzia eta frankismoa. Descarga gratu\u00edta de Ebook en PDF, a\u00f1\u00e1dir al carrito y finalizar el pedido para que aparezca la descarga. - Tienda Online de Intxorta 1937 Kultur Elkartea","og_url":"http:\/\/www.intxorta.org\/tienda\/producto\/memoria-partekatu-baterantz-arrasate-1936-56-gerra-erresistentzia-eta-frankismoa-descarga-gratuita-de-ebook-en-pdf-anadir-al-carrito-y-finalizar-el-pedido-para-que-aparezca-la-descarga\/","og_site_name":"Tienda Online de Intxorta 1937 Kultur Elkartea","article_modified_time":"2021-10-04T16:30:40+00:00","og_image":[{"width":919,"height":1080,"url":"https:\/\/www.intxorta.org\/tienda\/wp-content\/uploads\/2019\/02\/azala-euskeraz.jpg","type":"image\/jpeg"}],"twitter_card":"summary_large_image","twitter_misc":{"Tiempo de lectura":"2 minutos"},"schema":{"@context":"https:\/\/schema.org","@graph":[{"@type":"WebPage","@id":"http:\/\/www.intxorta.org\/tienda\/producto\/memoria-partekatu-baterantz-arrasate-1936-56-gerra-erresistentzia-eta-frankismoa-descarga-gratuita-de-ebook-en-pdf-anadir-al-carrito-y-finalizar-el-pedido-para-que-aparezca-la-descarga\/","url":"http:\/\/www.intxorta.org\/tienda\/producto\/memoria-partekatu-baterantz-arrasate-1936-56-gerra-erresistentzia-eta-frankismoa-descarga-gratuita-de-ebook-en-pdf-anadir-al-carrito-y-finalizar-el-pedido-para-que-aparezca-la-descarga\/","name":"Memoria partekatu baterantz. Arrasate 1936-56. Gerra, erresistentzia eta frankismoa. Descarga gratu\u00edta de Ebook en PDF, a\u00f1\u00e1dir al carrito y finalizar el pedido para que aparezca la descarga. - Tienda Online de Intxorta 1937 Kultur Elkartea","isPartOf":{"@id":"http:\/\/www.intxorta.org\/tienda\/#website"},"primaryImageOfPage":{"@id":"http:\/\/www.intxorta.org\/tienda\/producto\/memoria-partekatu-baterantz-arrasate-1936-56-gerra-erresistentzia-eta-frankismoa-descarga-gratuita-de-ebook-en-pdf-anadir-al-carrito-y-finalizar-el-pedido-para-que-aparezca-la-descarga\/#primaryimage"},"image":{"@id":"http:\/\/www.intxorta.org\/tienda\/producto\/memoria-partekatu-baterantz-arrasate-1936-56-gerra-erresistentzia-eta-frankismoa-descarga-gratuita-de-ebook-en-pdf-anadir-al-carrito-y-finalizar-el-pedido-para-que-aparezca-la-descarga\/#primaryimage"},"thumbnailUrl":"http:\/\/www.intxorta.org\/tienda\/wp-content\/uploads\/2019\/02\/azala-euskeraz.jpg","datePublished":"2019-02-13T11:59:16+00:00","dateModified":"2021-10-04T16:30:40+00:00","breadcrumb":{"@id":"http:\/\/www.intxorta.org\/tienda\/producto\/memoria-partekatu-baterantz-arrasate-1936-56-gerra-erresistentzia-eta-frankismoa-descarga-gratuita-de-ebook-en-pdf-anadir-al-carrito-y-finalizar-el-pedido-para-que-aparezca-la-descarga\/#breadcrumb"},"inLanguage":"es","potentialAction":[{"@type":"ReadAction","target":["http:\/\/www.intxorta.org\/tienda\/producto\/memoria-partekatu-baterantz-arrasate-1936-56-gerra-erresistentzia-eta-frankismoa-descarga-gratuita-de-ebook-en-pdf-anadir-al-carrito-y-finalizar-el-pedido-para-que-aparezca-la-descarga\/"]}]},{"@type":"ImageObject","inLanguage":"es","@id":"http:\/\/www.intxorta.org\/tienda\/producto\/memoria-partekatu-baterantz-arrasate-1936-56-gerra-erresistentzia-eta-frankismoa-descarga-gratuita-de-ebook-en-pdf-anadir-al-carrito-y-finalizar-el-pedido-para-que-aparezca-la-descarga\/#primaryimage","url":"http:\/\/www.intxorta.org\/tienda\/wp-content\/uploads\/2019\/02\/azala-euskeraz.jpg","contentUrl":"http:\/\/www.intxorta.org\/tienda\/wp-content\/uploads\/2019\/02\/azala-euskeraz.jpg","width":919,"height":1080},{"@type":"BreadcrumbList","@id":"http:\/\/www.intxorta.org\/tienda\/producto\/memoria-partekatu-baterantz-arrasate-1936-56-gerra-erresistentzia-eta-frankismoa-descarga-gratuita-de-ebook-en-pdf-anadir-al-carrito-y-finalizar-el-pedido-para-que-aparezca-la-descarga\/#breadcrumb","itemListElement":[{"@type":"ListItem","position":1,"name":"Portada","item":"http:\/\/www.intxorta.org\/tienda\/"},{"@type":"ListItem","position":2,"name":"Tienda Intxorta","item":"http:\/\/www.intxorta.org\/tienda\/tienda-intxorta\/"},{"@type":"ListItem","position":3,"name":"Memoria partekatu baterantz. Arrasate 1936-56. Gerra, erresistentzia eta frankismoa. Descarga gratu\u00edta de Ebook en PDF, a\u00f1\u00e1dir al carrito y finalizar el pedido para que aparezca la descarga."}]},{"@type":"WebSite","@id":"http:\/\/www.intxorta.org\/tienda\/#website","url":"http:\/\/www.intxorta.org\/tienda\/","name":"Tienda Online de Intxorta 1937 Kultur Elkartea","description":"Por la recuperaci&oacute;n de la memoria hist&oacute;rica","potentialAction":[{"@type":"SearchAction","target":{"@type":"EntryPoint","urlTemplate":"http:\/\/www.intxorta.org\/tienda\/?s={search_term_string}"},"query-input":{"@type":"PropertyValueSpecification","valueRequired":true,"valueName":"search_term_string"}}],"inLanguage":"es"}]}},"_links":{"self":[{"href":"http:\/\/www.intxorta.org\/tienda\/wp-json\/wp\/v2\/product\/541","targetHints":{"allow":["GET"]}}],"collection":[{"href":"http:\/\/www.intxorta.org\/tienda\/wp-json\/wp\/v2\/product"}],"about":[{"href":"http:\/\/www.intxorta.org\/tienda\/wp-json\/wp\/v2\/types\/product"}],"replies":[{"embeddable":true,"href":"http:\/\/www.intxorta.org\/tienda\/wp-json\/wp\/v2\/comments?post=541"}],"wp:featuredmedia":[{"embeddable":true,"href":"http:\/\/www.intxorta.org\/tienda\/wp-json\/wp\/v2\/media\/543"}],"wp:attachment":[{"href":"http:\/\/www.intxorta.org\/tienda\/wp-json\/wp\/v2\/media?parent=541"}],"wp:term":[{"taxonomy":"product_brand","embeddable":true,"href":"http:\/\/www.intxorta.org\/tienda\/wp-json\/wp\/v2\/product_brand?post=541"},{"taxonomy":"product_cat","embeddable":true,"href":"http:\/\/www.intxorta.org\/tienda\/wp-json\/wp\/v2\/product_cat?post=541"},{"taxonomy":"product_tag","embeddable":true,"href":"http:\/\/www.intxorta.org\/tienda\/wp-json\/wp\/v2\/product_tag?post=541"}],"curies":[{"name":"wp","href":"https:\/\/api.w.org\/{rel}","templated":true}]}}